{"id":79,"date":"2016-09-12T14:48:00","date_gmt":"2016-09-12T14:48:00","guid":{"rendered":"http:\/\/wordpress.endoprothetik-bielefeld.com\/?page_id=79"},"modified":"2025-10-14T13:50:19","modified_gmt":"2025-10-14T11:50:19","slug":"impressum","status":"publish","type":"page","link":"http:\/\/bielefeld-gegen-krebs.de\/?page_id=79","title":{"rendered":"Impressum"},"content":{"rendered":"<div id=\"c8281\" class=\"csc-default\">\n<h2>Kontakt<\/h2>\n<\/div>\n<div id=\"c8238\" class=\"csc-default\">\n<div class=\"csc-textpic-text\">\n<p class=\"bodytext\"><strong>Evangelisches Klinikum Bethel\u00a0gGmbH<\/strong><br \/>\nKantensiek 11<br \/>\n33617 Bielefeld<br \/>\n<strong>Tel.: 0521 772-700<\/strong><br \/>\nE-Mail: <a title=\"E-Mail schreiben an die Ev. Krankenhaus Bielefeld gGmbH\">info(at)evkb.de<\/a><\/p>\n<p class=\"bodytext\">Die Evangelisches Klinikum Bethel gGmbH ist eine gemeinn\u00fctzige Gesellschaft mit beschr\u00e4nkter Haftung. Tr\u00e4ger sind die Stiftungen Stiftung Bethel, Stiftung Sarepta, Stiftung Nazareth aus dem Verbund der v. Bodelschwinghschen Stiftungen Bethel sowie das Ev. Johanneswerk e.V.<\/p>\n<p class=\"bodytext\">Die Evangelisches Klinikum Bethel gGmbH ist beim Amtsgericht Bielefeld unter HRB 30169 eingetragen.<br \/>\nUmsatzsteuer ID-Nummer: DE 126950211<\/p>\n<p class=\"bodytext\"><strong>Inhaltlich Verantwortliche gem\u00e4\u00df \u00a7 6 MDStV:<\/strong><br \/>\nThorsten Kaatze (Gesch\u00e4ftsf\u00fchrung, Vorsitz)<br \/>\nDr. Matthias Ernst (Gesch\u00e4ftsf\u00fchrung)<\/p>\n<p><strong>Vertretungsberechtigte Personen:<\/strong><br \/>\nThorsten Kaatze (Gesch\u00e4ftsf\u00fchrung, Vorsitz)<br \/>\nDr. Matthias Ernst (Gesch\u00e4ftsf\u00fchrung)<\/p>\n<p class=\"bodytext\"><strong>Aufsichtsrat:<\/strong><br \/>\nChristoph Nolting (Vorsitzender)<br \/>\nPastor Dr. Bartolt Haase (stv. Vorsitzender)<br \/>\nFrank Lohmann<br \/>\nDr. Simon Stark<\/p>\n<p class=\"bodytext\"><strong>Redaktionsleitung:<\/strong><br \/>\nSandra Gru\u00df<\/p>\n<p class=\"bodytext\"><strong>Ansprechpartner Redaktion:<\/strong><br \/>\nManuel B\u00fcnemann<br \/>\n<a title=\"E-Mail schreiben an Manuel B\u00fcnemann\" href=\"mailto:manuel.buenemann@evkb.de\">E-Mail<\/a><\/p>\n<p class=\"bodytext\"><strong>Ansprechpartner Grafik:<\/strong><br \/>\nMario Haase<br \/>\n<a title=\"E-Mail schreiben an Mario Haase\" href=\"mailto:mario.haase@evkb.de\">E-Mail<\/a><\/p>\n<p class=\"bodytext\"><strong>Haftungshinweis: <\/strong><br \/>\nTrotz sorgf\u00e4ltiger inhaltlicher Kontrolle \u00fcbernehmen wir keine Haftung f\u00fcr die Inhalte externer Links. F\u00fcr den Inhalt der verlinkten Seiten sind ausschlie\u00dflich deren Betreiber verantwortlich.<\/p>\n<p class=\"bodytext\"><strong>Rechtliche Hinweise:<\/strong><br \/>\nEine Vervielf\u00e4ltigung der auf diesen Seiten angebotenen Dateien, Texte, Grafiken, Bilder oder sonstigen Elemente auf jegliches Medium bedarf der direkten oder konkludenten Zustimmung durch die Evangelisches Klinikum Bethel gGmbH beziehungsweise Krankenhaus Mara gGmbH. Die Darstellung einer Seite aus diesem Dienst in einem Frame einer fremden Seite oder das Darstellen von Inhalten dieses Dienstes als eigene Information ist nur nach Zustimmung durch die Evangelisches Klinikum Bethel gGmbH beziehungsweise Krankenhaus Mara gGmbH erlaubt. F\u00fcr Artikel und Beitr\u00e4ge auf den www.evkb.de- beziehungsweise www.mara.de-Seiten ist der Urheber verantwortlich.<\/p>\n<p class=\"bodytext\"><strong>Erkl\u00e4rung\/Disclaimer:<\/strong><br \/>\nVon etwaigen illegalen, pers\u00f6nlichkeitsverletzenden, moralisch oder ethisch anst\u00f6\u00dfigen Inhalten distanzieren wir uns in aller Deutlichkeit. Bitte informieren Sie uns, wenn sich auf unseren Seiten ein solches Element befindet. Die Evangelisches Klinikum Bethel gGmbH beziehungsweise Krankenhaus Mara gGmbH ist f\u00fcr eigene Inhalte, die wir bereithalten, nach allgemeinen Gesetzen verantwortlich.<\/p>\n<p class=\"bodytext\"><strong>Copyright-Erkl\u00e4rung:<\/strong><br \/>\nDie auf www.evkb.de beziehungsweise www.mara.de verwendeten Grafiken, Bilder und Texte unterliegen dem Copyright der Abteilung Gesundheitsmarketing der Evangelisches Klinikum Bethel gGmbH und erfordern zur Weiterverwendung deren Zustimmung. Im Besonderen ist die Weiterverwendung von Grafiken der Webseiten www.evkb.de und www.mara.de sowie von Logo- und Buttongrafiken nur mit Zustimmung der Urheber m\u00f6glich.<\/p>\n<\/div>\n<\/div>\n","protected":false},"excerpt":{"rendered":"<p>Kontakt Evangelisches Klinikum Bethel\u00a0gGmbH Kantensiek 11 33617 Bielefeld Tel.: 0521 772-700 E-Mail: info(at)evkb.de Die Evangelisches Klinikum Bethel gGmbH ist eine gemeinn\u00fctzige Gesellschaft mit beschr\u00e4nkter Haftung. Tr\u00e4ger sind die Stiftungen Stiftung Bethel, Stiftung Sarepta, Stiftung Nazareth aus dem Verbund der v. &hellip; <a href=\"http:\/\/bielefeld-gegen-krebs.de\/?page_id=79\">Weiterlesen <span class=\"meta-nav\">&rarr;<\/span><\/a><\/p>\n","protected":false},"author":1,"featured_media":0,"parent":0,"menu_order":0,"comment_status":"closed","ping_status":"closed","template":"","meta":{"footnotes":""},"class_list":["post-79","page","type-page","status-publish","hentry"],"_links":{"self":[{"href":"http:\/\/bielefeld-gegen-krebs.de\/index.php?rest_route=\/wp\/v2\/pages\/79","targetHints":{"allow":["GET"]}}],"collection":[{"href":"http:\/\/bielefeld-gegen-krebs.de\/index.php?rest_route=\/wp\/v2\/pages"}],"about":[{"href":"http:\/\/bielefeld-gegen-krebs.de\/index.php?rest_route=\/wp\/v2\/types\/page"}],"author":[{"embeddable":true,"href":"http:\/\/bielefeld-gegen-krebs.de\/index.php?rest_route=\/wp\/v2\/users\/1"}],"replies":[{"embeddable":true,"href":"http:\/\/bielefeld-gegen-krebs.de\/index.php?rest_route=%2Fwp%2Fv2%2Fcomments&post=79"}],"version-history":[{"count":9,"href":"http:\/\/bielefeld-gegen-krebs.de\/index.php?rest_route=\/wp\/v2\/pages\/79\/revisions"}],"predecessor-version":[{"id":271,"href":"http:\/\/bielefeld-gegen-krebs.de\/index.php?rest_route=\/wp\/v2\/pages\/79\/revisions\/271"}],"wp:attachment":[{"href":"http:\/\/bielefeld-gegen-krebs.de\/index.php?rest_route=%2Fwp%2Fv2%2Fmedia&parent=79"}],"curies":[{"name":"wp","href":"https:\/\/api.w.org\/{rel}","templated":true}]}}