{"id":82,"date":"2016-09-12T14:49:07","date_gmt":"2016-09-12T14:49:07","guid":{"rendered":"http:\/\/wordpress.endoprothetik-bielefeld.com\/?page_id=82"},"modified":"2024-07-17T17:16:52","modified_gmt":"2024-07-17T15:16:52","slug":"datenschutz","status":"publish","type":"page","link":"http:\/\/bielefeld-gegen-krebs.de\/?page_id=82","title":{"rendered":"Datenschutzerkl\u00e4rung"},"content":{"rendered":"\n<div id=\"c8281\" class=\"csc-default\">&nbsp;<\/div>\n\n\n\n<h2 class=\"wp-block-heading\">und\u00a0<strong>Informationen zur Erhebung personenbezogener Daten und rechtlicher Hinweis nach \u00a7 5 Digitale-Dienste-Gesetz (DDG) und \u00a7 18 Medienstaatsvertrag (MStV)<\/strong><\/h2>\n\n\n\n<h4 class=\"wp-block-heading\"><strong>Geltungsbereich<\/strong><\/h4>\n\n\n\n<p>Diese Datenschutzerkl\u00e4rung kl\u00e4rt Nutzer \u00fcber die Art, den Umfang und Zwecke der Erhebung und Verwendung personenbezogener Daten durch den verantwortlichen Anbieter Evangelisches Klinikum Bethel gGmbH, Kantensiek 11, 33617 Bielefeld, Telefon: +49 521 772-700, E-Mail: info@evkb.de auf dieser Website (im Folgenden \u201cAngebot\u201d) auf. Der verantwortliche Anbieter unterliegt als kirchliche Stelle den Bestimmungen des Datenschutzgesetzes der Ev. Kirche in Deutschland (DSG-EKD).<\/p>\n\n\n\n<h4 class=\"wp-block-heading\"><strong>Zugriffsdaten\/Server-Logfiles<\/strong><\/h4>\n\n\n\n<p>Der Anbieter (beziehungsweise sein Webspace-Provider) erhebt Daten \u00fcber jeden Zugriff auf das Angebot (so genannte Serverlogfiles). Zu den Zugriffsdaten geh\u00f6ren:<\/p>\n\n\n\n<ul class=\"wp-block-list\">\n<li>Name der abgerufenen Webseite<\/li>\n\n\n\n<li>Datei<\/li>\n\n\n\n<li>Datum und Uhrzeit des Abrufs<\/li>\n\n\n\n<li>\u00fcbertragene Datenmenge<\/li>\n\n\n\n<li>Meldung \u00fcber erfolgreichen Abruf<\/li>\n\n\n\n<li>Browsertyp nebst Version<\/li>\n\n\n\n<li>das Betriebssystem des Nutzers<\/li>\n\n\n\n<li>Referrer URL (die zuvor besuchte Seite)<\/li>\n\n\n\n<li>IP-Adresse<\/li>\n\n\n\n<li>der anfragende Provider.<\/li>\n<\/ul>\n\n\n\n<p>Der Anbieter verwendet die Protokolldaten nur f\u00fcr statistische Auswertungen zum Zweck des Betriebs, der Sicherheit und der Optimierung des Angebotes. Der Anbieterbeh\u00e4lt sich jedoch vor, die Protokolldaten nachtr\u00e4glich zu \u00fcberpr\u00fcfen, wenn aufgrund konkreter Anhaltspunkte der berechtigte Verdacht einer rechtswidrigen Nutzung besteht.<\/p>\n\n\n\n<h4 class=\"wp-block-heading\"><strong>Kontaktaufnahme<\/strong><\/h4>\n\n\n\n<p>Bei der Kontaktaufnahme mit dem Anbieter (zum Beispiel per Anmeldeformular oder E-Mail) werden die Angaben des Nutzers zwecks Bearbeitung der Anfrage sowie f\u00fcr den Fall, dass Anschlussfragen entstehen, gespeichert.<\/p>\n\n\n\n<h4 class=\"wp-block-heading\"><strong>Kommentare und Beitr\u00e4ge<\/strong><\/h4>\n\n\n\n<p>Wenn Nutzer Kommentare im G\u00e4stebuch oder sonstige Beitr\u00e4ge hinterlassen, werden ihre IP-Adressen gespeichert. Das erfolgt zur Sicherheit des Anbieters, falls jemand in Kommentaren und Beitr\u00e4gen widerrechtliche Inhalte schreibt (Beleidigungen, verbotene politische Propaganda, etc.). In diesem Fall kann der Anbieter selbst f\u00fcr den Kommentar oder Beitrag belangt werden und ist daher an der Identit\u00e4t des Verfassers interessiert.<\/p>\n\n\n\n<p><strong>Zwecke, f\u00fcr die<\/strong> <strong>personenbezogene Daten verarbeitet werden<\/strong><strong>:<\/strong><\/p>\n\n\n\n<p>Im Zusammenhang mit dem Besuch unserer Homepage k\u00f6nnen Daten \u00fcber die Person des Besuchers der Homepage erhoben, erfasst, gespeichert, verarbeitet, abgefragt, genutzt, \u00fcbermittelt werden.<\/p>\n\n\n\n<p>Insgesamt spricht man von der \u201eVerarbeitung\u201c personenbezogener Daten. Dieser Begriff der \u201eVerarbeitung\u201c bildet den Oberbegriff \u00fcber alle diese T\u00e4tigkeiten. Die Verarbeitung von Nutzerdaten ist aus Datenschutzgr\u00fcnden nur m\u00f6glich, wenn eine gesetzliche Grundlage dies vorschreibt bzw. erlaubt oder der betreffende Nutzer hierzu seine Einwilligung erteilt hat.<\/p>\n\n\n\n<p>Im Rahmen der Nutzung unserer Homepage durch den Nutzer kann folgende Datenverarbeitung in Betracht kommen:<\/p>\n\n\n\n<p>Beim Aufrufen unserer Website www.bielefeld-gegen-krebs.de werden durch den auf dem Endger\u00e4t des Nutzers zum Einsatz kommenden Browser automatisch Informationen an den Server unserer Website gesendet. Diese Informationen werden tempor\u00e4r in einem sogenennten Logfile gespeichert. Folgende Informationen werden dabei ohne Zutun des Nutzers erfasst und bis zur automatisierten L\u00f6schung gespeichert:<\/p>\n\n\n\n<ul class=\"wp-block-list\">\n<li>IP-Adresse des anfragenden Rechners,<\/li>\n\n\n\n<li>Datum und Uhrzeit des Zugriffs,<\/li>\n\n\n\n<li>Name und URL der abgerufenen Datei,<\/li>\n\n\n\n<li>Website, von der aus der Zugriff erfolgt (Referrer-URL),<\/li>\n\n\n\n<li>verwendeter Browser und das Betriebssystem Ihres Rechners sowie der Name Ihres Access-Providers.<\/li>\n<\/ul>\n\n\n\n<p>Die genannten Daten werden durch uns zu folgenden Zwecken verarbeitet:<\/p>\n\n\n\n<ul class=\"wp-block-list\">\n<li>Gew\u00e4hrleistung eines reibungslosen Verbindungsaufbaus der Website,<\/li>\n\n\n\n<li>Gew\u00e4hrleistung einer komfortablen Nutzung unserer Website,<\/li>\n\n\n\n<li>Auswertung der Systemsicherheit und -stabilit\u00e4t sowie<\/li>\n\n\n\n<li>zu weiteren administrativen Zwecken.<\/li>\n<\/ul>\n\n\n\n<p>Die Rechtsgrundlage f\u00fcr die Datenverarbeitung ist \u00a7 6 Ziff. 4 DSG-EKD. Unser berechtigtes Interesse folgt aus oben aufgelisteten Zwecken zur Datenerhebung. In keinem Fall verwenden wir die erhobenen Daten zu dem Zweck, R\u00fcckschl\u00fcsse auf die Person des Nutzers zu ziehen.<\/p>\n\n\n\n<p>Dar\u00fcber hinaus setzen wir beim Besuch unserer Website Cookies sowie Analysedienste ein. N\u00e4here Erl\u00e4uterungen dazu erhalten Sie im folgenden Absatz \u201eAnalyse-\/Tracking-Tools\u201c.<\/p>\n\n\n\n<p>Personen unter 18 Jahren sollten ohne Zustimmung der Eltern oder Erziehungsberechtigten keine personenbezogenen Daten an uns \u00fcbermitteln. Wir fordern keine personenbezogenen Daten von Kindern und Jugendlichen an, sammeln diese nicht und geben sie nicht an Dritte weiter.<\/p>\n\n\n\n<h4 class=\"wp-block-heading\"><strong>Wer hat Zugriff auf die Daten?<\/strong><\/h4>\n\n\n\n<p>Die mit der Unternehmenskommunikation der Evangelisches Klinikum Bethel gGmbH betrauten Personen, im Wartungsfall gegebenenfalls Mitarbeitende unseres Dienstleistungszentrums IT (DLZ IT) haben Zugriff auf gespeicherte Daten.<\/p>\n\n\n\n<p>Die Daten Nutzerdaten werden von Fachpersonal der Unternehmenskommunikation oder unter dessen Verantwortung verarbeitet. Dieses Fachpersonal unterliegt der Geheimhaltungspflicht und wurde entsprechend auf das Datengeheimnis gem\u00e4\u00df \u00a7 26 DSG-EKD verpflichtet.<\/p>\n\n\n\n<p>Der vertrauliche Umgang mit den Daten der Nutzer wird gew\u00e4hrleistet.<\/p>\n\n\n\n<h4 class=\"wp-block-heading\"><strong>Rechtsgrundlage f\u00fcr die Verarbeitung personenbezogener Daten<\/strong><\/h4>\n\n\n\n<p>Genannt sei hier insbesondere das sogenannte EKD-Datenschutzgesetz (DSG-EKD) z.B. \u00a7 6 DSG-EKD, wonach gem\u00e4\u00df Ziff.&nbsp;4 die Verarbeitung f\u00fcr die Wahrnehmung zum Beispiel f\u00fcr die \u00d6ffentlichkeit erforderlich ist, da sie im Interesse der Einrichtung als Stelle der Verarbeitung liegt.<\/p>\n\n\n\n<p>Daneben sind Verarbeitungen auch in F\u00e4llen zul\u00e4ssig, in denen uns gegen\u00fcber Nutzer eine gesonderte Einwilligung erkl\u00e4rt haben.<\/p>\n\n\n\n<h4 class=\"wp-block-heading\"><strong>M\u00f6gliche Empf\u00e4nger von erhobenen Daten<\/strong><\/h4>\n\n\n\n<p>Die Nutzerdaten werden im Rahmen der Zweckbestimmung unter Beachtung der jeweiligen datenschutzrechtlichen Regelungen bzw. etwaig vorliegenden Einwilligungserkl\u00e4rungen erhoben und gegebenenfalls an Dritte \u00fcbermittelt. Als derartige Dritte kommen insbesondere externe Datenverarbeiter (sogenannte Auftragsverarbeiter), wie z.B. Webhoster, also Unternehmen, die unsere Homepage und damit den Internetauftritt als Dienstleister unterst\u00fctzen.<\/p>\n\n\n\n<h4 class=\"wp-block-heading\"><strong>Sicherheit<\/strong><\/h4>\n\n\n\n<p>Wir haben technische und organisatorische Sicherheitsma\u00dfnahmen getroffen, um Ihre personenbezogenen Daten vor Verlust, Zerst\u00f6rung, Manipulation und unberechtigtem Zugriff zu sch\u00fctzen. Alle unserer Mitarbeiter und alle an der Datenverarbeitung beteiligten Dritten sind auf DSG-EKD und den vertraulichen Umgang mit personenbezogenen Daten verpflichtet.<\/p>\n\n\n\n<p>Im Falle der Erhebung und Verarbeitung pers\u00f6nlicher Daten werden die Informationen in verschl\u00fcsselter Form \u00fcbertragen, um einem Missbrauch der Daten durch Dritte vorzubeugen. Unsere Sicherungsma\u00dfnahmen werden entsprechend der technologischen Entwicklung fortlaufend \u00fcberarbeitet.<\/p>\n\n\n\n<h4 class=\"wp-block-heading\"><strong>Cookies<\/strong><\/h4>\n\n\n\n<p>Wenn Nutzer das Angebot aufrufen, werden ein oder mehrere Cookies auf seinem Rechner gespeichert. Ein Cookie ist eine kleine Datei, die eine bestimmte Zeichenfolge enth\u00e4lt und Ihren Browser eindeutig identifiziert. Mit Hilfe von Cookies verbessert der Anbieter den Komfort und die Qualit\u00e4t seines Services, indem zum Beispiel Nutzereinstellungen gespeichert werden. Cookies richten auf dem Rechner der Nutzer keinen Schaden an und enthalten keine Viren.<\/p>\n\n\n\n<p>Eine Nutzung des Angebots ist auch ohne Cookies m\u00f6glich. Nutzer k\u00f6nnen in ihrem Browser das Speichern von Cookies deaktivieren, auf bestimmte Websites beschr\u00e4nken oder Ihren Browser so einstellen, dass er sie benachrichtigt, bevor ein Cookie gespeichert wird. Sie k\u00f6nnen die Cookies \u00fcber die Datenschutzfunktionen ihres Browsers jederzeit von der Festplatte ihres Rechners l\u00f6schen. In diesem Fall, k\u00f6nnten die Funktionen und die Benutzerfreundlichkeit des Angebots eingeschr\u00e4nkt werden.<\/p>\n\n\n\n<p><strong>Analyse<\/strong><strong>-\/<\/strong><strong>Tracking-Tools<\/strong><\/p>\n\n\n\n<p>Die im Folgenden aufgef\u00fchrten und von uns eingesetzten Tracking-Ma\u00dfnahmen werden auf Grundlage des \u00a7 6 DSG-EKD durchgef\u00fchrt. Mit den zum Einsatz kommenden Tracking-Ma\u00dfnahmen wollen wir eine bedarfsgerechte Gestaltung und die fortlaufende Optimierung unserer Webseite sicherstellen. Zum anderen setzen wir die Tracking-Ma\u00dfnahmen ein, um die Nutzung unserer Webseite statistisch zu erfassen und zum Zwecke der Optimierung unseres Angebotes f\u00fcr Sie auszuwerten. Diese Interessen sind als berechtigt im Sinne der vorgenannten Vorschrift anzusehen.<\/p>\n\n\n\n<p>Die jeweiligen Datenverarbeitungszwecke und Datenkategorien sind aus den entsprechenden Tracking-Tools zu entnehmen.<\/p>\n\n\n\n<p><strong>Piwik<\/strong><\/p>\n\n\n\n<p>Unsere Website verwendet Piwik, dabei handelt es sich um einen sogenannten Webanalysedienst. Piwik verwendet sog. \u201eCookies\u201c, das sind Textdateien, die auf Ihrem Computer gespeichert werden und die unsererseits eine Analyse der Benutzung der Webseite erm\u00f6glichen. Zu diesem Zweck werden die durch den Cookie erzeugten Nutzungsinformationen (einschlie\u00dflich Ihrer gek\u00fcrzten IP-Adresse) an unseren Server \u00fcbertragen und zu Nutzungsanalysezwecken gespeichert, was der Webseitenoptimierung unsererseits dient. Ihre IP-Adresse wird bei diesem Vorgang umgehend anonymisiert, so dass Sie als Nutzer f\u00fcr uns anonym bleiben. Die durch den Cookie erzeugten Informationen \u00fcber Ihre Benutzung dieser Webseite werden nicht an Dritte weitergegeben. Sie k\u00f6nnen die Verwendung der Cookies durch eine entsprechende Einstellung Ihrer Browser-Software verhindern, es kann jedoch sein, dass Sie in diesem Fall gegebenenfalls nicht s\u00e4mtliche Funktionen dieser Website voll umf\u00e4nglich nutzen k\u00f6nnen.<\/p>\n\n\n\n<p>Wenn Sie mit der Speicherung und Auswertung dieser Daten aus Ihrem Besuch nicht einverstanden sind, dann k\u00f6nnen Sie der Speicherung und Nutzung nachfolgend per Mausklick jederzeit widersprechen. In diesem Fall wird in Ihrem Browser ein sog. Opt-Out-Cookie abgelegt, was zur Folge hat, dass Piwik keinerlei Sitzungsdaten erhebt. Achtung: Wenn Sie Ihre Cookies l\u00f6schen, so hat dies zur Folge, dass auch das Opt-Out-Cookie gel\u00f6scht wird und ggf. von Ihnen erneut aktiviert werden muss. (Quelle: <a href=\"http:\/\/www.datenschutzbeauftragter-info.de\">www.datenschutzbeauftragter-info.de<\/a>)<\/p>\n\n\n\n<p><iframe style=\"border: 0; height: 200px; width: 600px;\" src=\"http:\/\/piwik.endoprothetik-bielefeld.com\/index.php?module=CoreAdminHome&amp;action=optOut&amp;language=de\"><\/iframe><\/p>\n\n\n\n<h4 class=\"wp-block-heading\"><strong>Google Adwords Conversion Tracking<\/strong><\/h4>\n\n\n\n<p>Um die Nutzung unserer Webseite statistisch zu erfassen und zum Zwecke der Optimierung unserer Website f\u00fcr Sie auszuwerten, nutzen wir ferner das Google Conversion Tracking. Dabei wird von Google Adwords ein Cookie (siehe Ziffer 4) auf Ihrem Rechner gesetzt, sofern Sie \u00fcber eine Google-Anzeige auf unsere Webseite gelangt sind.<\/p>\n\n\n\n<p>Diese Cookies verlieren nach 30 Tagen ihre G\u00fcltigkeit und dienen nicht der pers\u00f6nlichen Identifizierung. Besucht der Nutzer bestimmte Seiten der Webseite des Adwords-Kunden und das Cookie ist noch nicht abgelaufen, k\u00f6nnen Google und der Kunde erkennen, dass der Nutzer auf die Anzeige geklickt hat und zu dieser Seite weitergeleitet wurde.<\/p>\n\n\n\n<p>Jeder Adwords-Kunde erh\u00e4lt ein anderes Cookie. Cookies k\u00f6nnen somit nicht \u00fcber die Webseiten von Adwords-Kunden nachverfolgt werden. Die mithilfe des Conversion-Cookies eingeholten Informationen dienen dazu, Conversion-Statistiken f\u00fcr Adwords-Kunden zu erstellen, die sich f\u00fcr Conversion-Tracking entschieden haben. Die Adwords-Kunden erfahren die Gesamtanzahl der Nutzer, die auf ihre Anzeige geklickt haben und zu einer mit einem Conversion-Tracking-Tag versehenen Seite weitergeleitet wurden. Sie erhalten jedoch keine Informationen, mit denen sich Nutzer pers\u00f6nlich identifizieren lassen.<\/p>\n\n\n\n<p>Wenn Sie nicht an dem Tracking-Verfahren teilnehmen m\u00f6chten, k\u00f6nnen Sie auch das hierf\u00fcr erforderliche Setzen eines Cookies ablehnen \u2013 etwa per Browser-Einstellung, die das automatische Setzen von Cookies generell deaktiviert. Sie k\u00f6nnen Cookies f\u00fcr Conversion-Tracking auch deaktivieren, indem Sie Ihren Browser so einstellen, dass Cookies von der Domain \u201ewww.googleadservices.com\u201c blockiert werden. Googles Datenschutzbelehrung zum Conversion-Tracking finden Sie hier (<a href=\"https:\/\/services.google.com\/sitestats\/de.html\">https:\/\/services.google.com\/sitestats\/de.html<\/a>).<\/p>\n\n\n\n<h5 class=\"wp-block-heading\"><strong>Recht auf Auskunft, Berichtigung, L\u00f6schung usw.<\/strong><\/h5>\n\n\n\n<p>Dem Nutzer unseres Angebots stehen sogenannte Betroffenenrechte zu, das hei\u00dft Rechte, die der Nutzer als im Einzelfall betroffene Person aus\u00fcben kann. Diese Rechte kann der Nutzer gegen\u00fcber der verantwortlichen Stelle gelten machen. Sie ergeben sich aus dem DSG-EKD:<\/p>\n\n\n\n<h5 class=\"wp-block-heading\">Recht auf Auskunft, \u00a7 19 DSG-EKD<\/h5>\n\n\n\n<p>der Nutzer hat das Recht auf Auskunft \u00fcber die ihn betreffenden gespeicherten personenbezogenen Daten.<\/p>\n\n\n\n<h5 class=\"wp-block-heading\">Recht auf Berichtigung, \u00a7 20 DSG-EKD<\/h5>\n\n\n\n<p>Wenn ein Nutzer feststellt, dass unrichtige Daten zu seiner Person verarbeitet werden, kann er Berichtigung verlangen. Unvollst\u00e4ndige Daten m\u00fcssen unter Ber\u00fccksichtigung des Zwecks der Verarbeitung vervollst\u00e4ndigt werden.<\/p>\n\n\n\n<h5 class=\"wp-block-heading\">Recht auf L\u00f6schung, \u00a7 21 DSG-EKD<\/h5>\n\n\n\n<p>der Nutzer hat das Recht, die L\u00f6schung seiner Daten zu verlangen, wenn bestimmte L\u00f6schgr\u00fcnde vorliegen. Dies ist insbesondere der Fall, wenn diese zu dem Zweck, zu dem sie urspr\u00fcnglich erhoben oder verarbeitet wurden, nicht mehr erforderlich sind.<\/p>\n\n\n\n<h5 class=\"wp-block-heading\">Recht auf Einschr\u00e4nkung der Verarbeitung, \u00a7 22 DSG-EKD<\/h5>\n\n\n\n<p>ein Nutzer hat das Recht auf Einschr\u00e4nkung der Verarbeitung seiner Daten. Dies bedeutet, dass seine Daten zwar nicht gel\u00f6scht, aber gekennzeichnet werden, um ihre weitere Verarbeitung oder Nutzung einzuschr\u00e4nken.<\/p>\n\n\n\n<h5 class=\"wp-block-heading\">Recht auf Widerspruch gegen unzumutbare Datenverarbeitung, \u00a7 25 DSG-EKD<\/h5>\n\n\n\n<p>Der Nutzer hat grunds\u00e4tzlich ein allgemeines Widerspruchsrecht auch gegen rechtm\u00e4\u00dfige Datenverarbeitungen, die im \u00f6ffentlichen Interesse liegen, in Aus\u00fcbung \u00f6ffentlicher Gewalt oder aufgrund des berechtigten Interesses einer Stelle erfolgen.<\/p>\n\n\n\n<h4 class=\"wp-block-heading\"><strong>Widerruf erteilter Einwilligungen<\/strong><\/h4>\n\n\n\n<p>Dem Nutzer unseres Angebotes steht das Recht zu, eine Einwilligung zur Datenverarbeitung jederzeit zu widerrufen. Diese Erkl\u00e4rung kann schriftlich an die die verantwortliche Stelle (siehe Adresse unten) gerichtet werden. Einer Angabe von Gr\u00fcnden bedarf es daf\u00fcr nicht. Ein Widerruf gilt allerdings erst ab dem Zeitpunkt, zu dem dieser ausgesprochen wird. Er hat keine R\u00fcckwirkung. Die Verarbeitung personenbezogener Daten bis zu diesem Zeitpunkt bleibt rechtm\u00e4\u00dfig.<\/p>\n\n\n\n<p>Bei Bedarf oder bei bestehenden Fragen dazu kann sich der\/die Betroffene an den \u00f6rtlichen Beauftragten f\u00fcr den Datenschutz, co. Stabsstelle Recht\/Versicherungen der v.&nbsp;Bodelschwinghschen Stiftungen Bethel, K\u00f6nigsweg 1, 33617 Bielefeld, Telefon: 0521-144-3069, wenden.<\/p>\n\n\n\n<h4 class=\"wp-block-heading\"><strong>Beschwerde bei der Aufsichtsbeh\u00f6rde wegen Datenschutzverst\u00f6\u00dfen<\/strong><\/h4>\n\n\n\n<p>Unabh\u00e4ngig davon besteht das Recht auf Beschwerde bei einer Aufsichtsbeh\u00f6rde, wenn Betroffene der Ansicht sind, dass die Verarbeitung ihrer Daten datenschutzrechtlich nicht zul\u00e4ssig ist. Dies ergibt sich aus \u00a7 17 Abs. 2 Nr. 3 DSG-EKD. Die Beschwerde bei der Aufsichtsbeh\u00f6rde kann formlos erfolgen.<\/p>\n\n\n\n<p>Zust\u00e4ndige Datenschutzaufsichtsbeh\u00f6rde f\u00fcr unsere Einrichtungen ist der Beauftragte f\u00fcr den Datenschutz der Evangelischen Kirche in Deutschland, Au\u00dfenstelle Dortmund, Friedhof 4, 44135 Dortmund, E-Mail: <a href=\"mailto:mitte-west@datenschutz.ekd.de\">mitte-west@datenschutz.ekd.de<\/a>, Tel.: 0231-533827-0.<\/p>\n\n\n\n<h4 class=\"wp-block-heading\"><strong>Verantwortliche Stelle f\u00fcr die Datenverarbeitung<\/strong><\/h4>\n\n\n\n<p>ist die Stiftung Bethel, kirchliche Stiftung privaten Rechts,&nbsp;in den v. Bodelschwinghschen Stiftungen Bethel,&nbsp;K\u00f6nigsweg 1,&nbsp;33617 Bielefeld,&nbsp;vertreten durch den Vorstand der v. Bodelschwinghschen Stiftungen Bethel, Tel. 0521-144-0.<\/p>\n\n\n\n<p><strong>Datenschutzbeauftragter der verantwortlichen Stelle<\/strong><\/p>\n\n\n\n<p>Die verantwortliche Stelle hat einen \u00f6rtlichen Beauftragten f\u00fcr den Datenschutz bestellt. Seine Kontaktdaten lauten wie folgt:<\/p>\n\n\n\n<p>Der \u00f6rtliche Beauftragte f\u00fcr den Datenschutz<br>Stabsstelle Recht\/Versicherungen der v. Bodelschwinghschen Stiftungen Bethel, Stiftung Bethel<br>K\u00f6nigsweg 1<br>33617 Bielefeld<br>Telefon: 0521-144-3069<\/p>\n","protected":false},"excerpt":{"rendered":"<p>&nbsp; und\u00a0Informationen zur Erhebung personenbezogener Daten und rechtlicher Hinweis nach \u00a7 5 Digitale-Dienste-Gesetz (DDG) und \u00a7 18 Medienstaatsvertrag (MStV) Geltungsbereich Diese Datenschutzerkl\u00e4rung kl\u00e4rt Nutzer \u00fcber die Art, den Umfang und Zwecke der Erhebung und Verwendung personenbezogener Daten durch den verantwortlichen &hellip; <a href=\"http:\/\/bielefeld-gegen-krebs.de\/?page_id=82\">Weiterlesen <span class=\"meta-nav\">&rarr;<\/span><\/a><\/p>\n","protected":false},"author":1,"featured_media":0,"parent":0,"menu_order":0,"comment_status":"closed","ping_status":"closed","template":"","meta":{"footnotes":""},"class_list":["post-82","page","type-page","status-publish","hentry"],"_links":{"self":[{"href":"http:\/\/bielefeld-gegen-krebs.de\/index.php?rest_route=\/wp\/v2\/pages\/82","targetHints":{"allow":["GET"]}}],"collection":[{"href":"http:\/\/bielefeld-gegen-krebs.de\/index.php?rest_route=\/wp\/v2\/pages"}],"about":[{"href":"http:\/\/bielefeld-gegen-krebs.de\/index.php?rest_route=\/wp\/v2\/types\/page"}],"author":[{"embeddable":true,"href":"http:\/\/bielefeld-gegen-krebs.de\/index.php?rest_route=\/wp\/v2\/users\/1"}],"replies":[{"embeddable":true,"href":"http:\/\/bielefeld-gegen-krebs.de\/index.php?rest_route=%2Fwp%2Fv2%2Fcomments&post=82"}],"version-history":[{"count":12,"href":"http:\/\/bielefeld-gegen-krebs.de\/index.php?rest_route=\/wp\/v2\/pages\/82\/revisions"}],"predecessor-version":[{"id":266,"href":"http:\/\/bielefeld-gegen-krebs.de\/index.php?rest_route=\/wp\/v2\/pages\/82\/revisions\/266"}],"wp:attachment":[{"href":"http:\/\/bielefeld-gegen-krebs.de\/index.php?rest_route=%2Fwp%2Fv2%2Fmedia&parent=82"}],"curies":[{"name":"wp","href":"https:\/\/api.w.org\/{rel}","templated":true}]}}