{"id":68,"date":"2016-09-12T14:31:57","date_gmt":"2016-09-12T14:31:57","guid":{"rendered":"http:\/\/wordpress.endoprothetik-bielefeld.com\/?page_id=68"},"modified":"2017-03-01T12:15:14","modified_gmt":"2017-03-01T11:15:14","slug":"bielefeld-gegen-krebsdie-aufklaerungskampagne","status":"publish","type":"page","link":"https:\/\/bielefeld-gegen-krebs.de\/","title":{"rendered":"BIELEFELD GEGEN KREBS \u2013<br>Die Aufkl\u00e4rungskampagne"},"content":{"rendered":"<div id=\"c10115\" class=\"csc-default\">\n<div class=\"csc-header csc-header-n2\">\n<h2>Wissen und fr\u00fchzeitiges Handeln k\u00f6nnen Leben retten<\/h2>\n<\/div>\n<div class=\"csc-textpic-text\">\n<p class=\"bodytext\">Ein Viertel aller Todesf\u00e4lle geht in Deutschland auf Krebs zur\u00fcck. In den letzten 10 Jahren ist die Zahl der Ersterkrankungen bei M\u00e4nnern um 21 Prozent und bei Frauen um 14 Prozent gestiegen. Derzeit erkranken in Deutschland knapp 500.000 Menschen pro Jahr neu an Krebs \u2013\u00a0und aufgrund der zunehmenden Lebenserwartung ist statistisch mit einem weiteren Anstieg zu rechnen. Wissen und fr\u00fchzeitiges Handeln k\u00f6nnen dabei Leben retten.<\/p>\n<\/div>\n<\/div>\n<div id=\"c10276\" class=\"csc-default\">\n<div class=\"csc-header csc-header-n3\">\n<h2>Von Wissen profitieren<\/h2>\n<\/div>\n<p class=\"bodytext\"><img loading=\"lazy\" decoding=\"async\" class=\"alignright wp-image-133 size-medium\" src=\"http:\/\/bielefeld-gegen-krebs.de\/wp-content\/uploads\/2016\/09\/bielefeld_gegen_krebs_aufklaerungskampagne-300x157.jpg\" alt=\"bielefeld_gegen_krebs_aufklaerungskampagne\" width=\"300\" height=\"157\" data-id=\"133\" srcset=\"https:\/\/bielefeld-gegen-krebs.de\/wp-content\/uploads\/2016\/09\/bielefeld_gegen_krebs_aufklaerungskampagne-300x157.jpg 300w, https:\/\/bielefeld-gegen-krebs.de\/wp-content\/uploads\/2016\/09\/bielefeld_gegen_krebs_aufklaerungskampagne-768x402.jpg 768w, https:\/\/bielefeld-gegen-krebs.de\/wp-content\/uploads\/2016\/09\/bielefeld_gegen_krebs_aufklaerungskampagne-500x262.jpg 500w, https:\/\/bielefeld-gegen-krebs.de\/wp-content\/uploads\/2016\/09\/bielefeld_gegen_krebs_aufklaerungskampagne.jpg 800w\" sizes=\"auto, (max-width: 300px) 100vw, 300px\" \/>Auf die steigende Zahl der an Krebs erkrankten Menschen hat die Politik reagiert: mit dem Nationalen Krebsplan im Jahr 2008. Partei- und interessengruppen\u00fcbergreifend werden damit vier wesentliche Ziele verfolgt:<\/p>\n<ul>\n<li>Weiterentwicklung der Krebsfr\u00fcherkennung<\/li>\n<li>Weiterentwicklung der onkologischen Versorgungsstrukturen und der Qualit\u00e4tssicherung<\/li>\n<li>Sicherstellung einer effizienten onkologischen Behandlung<\/li>\n<li>St\u00e4rkung der Patientenorientierung<\/li>\n<\/ul>\n<p class=\"bodytext\">Von Verbesserungen profitieren insbesondere diejenigen, die gut informiert sind. Und hierzu tr\u00e4gt BIELEFELD GEGEN KREBS bei.<\/p>\n<\/div>\n<div id=\"c10277\" class=\"csc-default\">\n<div class=\"csc-header csc-header-n4\">\n<h2>Eine stadtweite Kampagne<\/h2>\n<\/div>\n<p class=\"bodytext\">F\u00fcr die Aufkl\u00e4rungskampagne haben sich die drei Bielefelder Krankenh\u00e4user \u2013 das Evangelische Klinikum Bethel (EvKB), das Klinikum Bielefeld und das Franziskus Hospital \u2013 sowie die Selbsthilfe-Kontaktstelle Bielefeld zusammengeschlossen, um ein stadtweites Sicherheitsnetz gegen Krebs aufzubauen.<\/p>\n<\/div>\n<div id=\"c12089\" class=\"csc-default\">\n<div class=\"csc-header csc-header-n5\">\n<h2>Perspektive und Mut vermitteln<\/h2>\n<\/div>\n<div class=\"csc-textpic-text\">\n<p class=\"bodytext\">Unter dem Titel BIELEFELD GEGEN KREBS wird das gemeinsame Ziel verfolgt, nachhaltiges Wissen zum Thema Krebs in der \u00d6ffentlichkeit zu vermitteln, denn je fr\u00fcher dieser erkannt wird, umso besser kann er therapiert werden. Im Fokus der Kampagne steht hierbei, eine hoffnungsvolle Perspektive und Mut zu vermitteln, anstatt durch Angst Wissensdruck zu erzeugen.<\/p>\n<p class=\"bodytext\">Um dieses Ziel zu erreichen bildet ein <a href=\"http:\/\/bielefeld-gegen-krebs.de\/bielefeld-gegen-krebsdie-aufklaerungskampagne\/krebsinformationstag2016\/\">Krebs-Informationstag am Samstag, den 19.\u00a0November 2016\u00a0in der Ravensberger Spinnerei<\/a>\u00a0den Startschuss. Betroffene, Angeh\u00f6rige und Interessierte sind zu der von den drei Krankenh\u00e4usern und der Selbsthilfe-Kontaktstelle gemeinsam organisierten Veranstaltung herzlich eingeladen, um sich bei vielf\u00e4ltigen Vortr\u00e4gen und Diskussionen zu informieren und eigene Erfahrungen einzubringen. Weitere Veranstaltungen folgen.<\/p>\n<p class=\"bodytext\">Mit der Unterst\u00fctzung verschiedener Partner sollen hierdurch so viele Menschen in Bielefeld f\u00fcr die Erkrankung sensibilisiert werden wie m\u00f6glich. Zu den Partnern geh\u00f6ren die Initiative Bielefelder Haus\u00e4rzte, das Palliativnetz Bielefeld e.V., die Universit\u00e4t Bielefeld, die v. Bodelschwinghschen Stiftungen Bethel sowie Bielefeld Marketing.<\/p>\n<\/div>\n<\/div>\n","protected":false},"excerpt":{"rendered":"<p>Wissen und fr\u00fchzeitiges Handeln k\u00f6nnen Leben retten Ein Viertel aller Todesf\u00e4lle geht in Deutschland auf Krebs zur\u00fcck. In den letzten 10 Jahren ist die Zahl der Ersterkrankungen bei M\u00e4nnern um 21 Prozent und bei Frauen um 14 Prozent gestiegen. Derzeit &hellip; <a href=\"https:\/\/bielefeld-gegen-krebs.de\/\">Weiterlesen <span class=\"meta-nav\">&rarr;<\/span><\/a><\/p>\n","protected":false},"author":1,"featured_media":0,"parent":0,"menu_order":0,"comment_status":"closed","ping_status":"open","template":"","meta":{"footnotes":""},"class_list":["post-68","page","type-page","status-publish","hentry"],"_links":{"self":[{"href":"https:\/\/bielefeld-gegen-krebs.de\/index.php?rest_route=\/wp\/v2\/pages\/68","targetHints":{"allow":["GET"]}}],"collection":[{"href":"https:\/\/bielefeld-gegen-krebs.de\/index.php?rest_route=\/wp\/v2\/pages"}],"about":[{"href":"https:\/\/bielefeld-gegen-krebs.de\/index.php?rest_route=\/wp\/v2\/types\/page"}],"author":[{"embeddable":true,"href":"https:\/\/bielefeld-gegen-krebs.de\/index.php?rest_route=\/wp\/v2\/users\/1"}],"replies":[{"embeddable":true,"href":"https:\/\/bielefeld-gegen-krebs.de\/index.php?rest_route=%2Fwp%2Fv2%2Fcomments&post=68"}],"version-history":[{"count":11,"href":"https:\/\/bielefeld-gegen-krebs.de\/index.php?rest_route=\/wp\/v2\/pages\/68\/revisions"}],"predecessor-version":[{"id":209,"href":"https:\/\/bielefeld-gegen-krebs.de\/index.php?rest_route=\/wp\/v2\/pages\/68\/revisions\/209"}],"wp:attachment":[{"href":"https:\/\/bielefeld-gegen-krebs.de\/index.php?rest_route=%2Fwp%2Fv2%2Fmedia&parent=68"}],"curies":[{"name":"wp","href":"https:\/\/api.w.org\/{rel}","templated":true}]}}